{"id":3701,"date":"2022-06-02T13:33:53","date_gmt":"2022-06-02T13:33:53","guid":{"rendered":"http:\/\/urad.ricany.cz\/farnost\/zasady-cookies-eu\/"},"modified":"2022-06-02T13:33:53","modified_gmt":"2022-06-02T13:33:53","slug":"zasady-cookies-eu","status":"publish","type":"page","link":"http:\/\/urad.ricany.cz\/farnost\/zasady-cookies-eu\/","title":{"rendered":"Z\u00e1sady cookies (EU)"},"content":{"rendered":"","protected":false},"excerpt":{"rendered":"<p class=\"continue-reading-button\"> <a class=\"continue-reading-link\" href=\"http:\/\/urad.ricany.cz\/farnost\/zasady-cookies-eu\/\">\u010d\u00edst v\u00edce<i class=\"crycon-right-dir\"><\/i><\/a><\/p>\n","protected":false},"author":2,"featured_media":0,"parent":0,"menu_order":0,"comment_status":"closed","ping_status":"closed","template":"","meta":{"footnotes":""},"_links":{"self":[{"href":"http:\/\/urad.ricany.cz\/farnost\/wp-json\/wp\/v2\/pages\/3701"}],"collection":[{"href":"http:\/\/urad.ricany.cz\/farnost\/wp-json\/wp\/v2\/pages"}],"about":[{"href":"http:\/\/urad.ricany.cz\/farnost\/wp-json\/wp\/v2\/types\/page"}],"author":[{"embeddable":true,"href":"http:\/\/urad.ricany.cz\/farnost\/wp-json\/wp\/v2\/users\/2"}],"replies":[{"embeddable":true,"href":"http:\/\/urad.ricany.cz\/farnost\/wp-json\/wp\/v2\/comments?post=3701"}],"version-history":[{"count":0,"href":"http:\/\/urad.ricany.cz\/farnost\/wp-json\/wp\/v2\/pages\/3701\/revisions"}],"wp:attachment":[{"href":"http:\/\/urad.ricany.cz\/farnost\/wp-json\/wp\/v2\/media?parent=3701"}],"curies":[{"name":"wp","href":"https:\/\/api.w.org\/{rel}","templated":true}]}}