{"id":33,"date":"2014-10-01T12:32:59","date_gmt":"2014-10-01T12:32:59","guid":{"rendered":"http:\/\/urad.ricany.cz\/farnost.new\/?page_id=33"},"modified":"2020-04-29T12:26:17","modified_gmt":"2020-04-29T12:26:17","slug":"charita","status":"publish","type":"page","link":"http:\/\/urad.ricany.cz\/farnost\/charita\/","title":{"rendered":"Charita \u0158\u00ed\u010dany"},"content":{"rendered":"<p><a href=\"http:\/\/urad.ricany.cz\/farnost.new\/wp-content\/uploads\/2014\/10\/200711031632_mjunkova.jpg\"><img decoding=\"async\" loading=\"lazy\" class=\"alignright size-full wp-image-131\" src=\"http:\/\/urad.ricany.cz\/farnost.new\/wp-content\/uploads\/2014\/10\/200711031632_mjunkova.jpg\" alt=\"200711031632_mjunkova\" width=\"164\" height=\"230\" srcset=\"http:\/\/urad.ricany.cz\/farnost\/wp-content\/uploads\/2014\/10\/200711031632_mjunkova.jpg 164w, http:\/\/urad.ricany.cz\/farnost\/wp-content\/uploads\/2014\/10\/200711031632_mjunkova-135x190.jpg 135w, http:\/\/urad.ricany.cz\/farnost\/wp-content\/uploads\/2014\/10\/200711031632_mjunkova-57x80.jpg 57w\" sizes=\"(max-width: 164px) 100vw, 164px\" \/><\/a>Pani Marie Junkov\u00e1 je v sou\u010dasnosti \u0159editelkou Farn\u00ed charity v \u0158\u00ed\u010danech. Do t\u00e9to funkce nastoupila v z\u00e1\u0159\u00ed 2001. Organizace v\u0161ak byla v \u0158\u00ed\u010danech zalo\u017eena ji\u017e v roce 1993. Prvn\u00edm \u0159editelem byl P. Franti\u0161ek P\u0159itasil, v roce 1997 byla jmenov\u00e1na \u0159editelkou pan\u00ed V\u00e1clava Andr\u00e9ov\u00e1. Spole\u010dn\u011b s dal\u0161\u00edmi dobrovoln\u00edky a se st\u00e1vaj\u00edc\u00edmi kaplany farn\u00edho \u00fa\u0159adu ( P. P\u0159itasil, P. Grzyb a dal\u0161\u00ed) postupn\u011b vytvo\u0159ili organizaci, kter\u00e1 se dostala do pov\u011bdom\u00ed v\u011bt\u0161iny obyvatel m\u011bsta.<\/p>\n<p>Farn\u00ed charita \u0158\u00ed\u010dany je dobrovolnick\u00e1 organizace, kter\u00e1 je sou\u010d\u00e1st\u00ed Arcidiec\u00e9zn\u00ed charity Praha. Diec\u00e9zn\u00ed a arcidiec\u00e9zn\u00ed charity jsou spojeny do neziskov\u00e9 humanit\u00e1rn\u00ed organizace \u201eSdru\u017een\u00ed \u010cesk\u00e1 katolick\u00e1 charita (S\u010cKCH)\u201c. Tato organizace je nejv\u011bt\u0161\u00edm nest\u00e1tn\u00edm poskytovatelem soci\u00e1ln\u011b zdravotn\u00edch slu\u017eeb v \u010cesk\u00e9 republice. Posl\u00e1n\u00edm organizace je pomoc bli\u017en\u00edm v nouzi bez ohledu na jejich p\u0159\u00edslu\u0161nost k rase, n\u00e1rodnosti \u010di n\u00e1bo\u017eenstv\u00ed.<br \/>\nKonkr\u00e9tn\u00ed \u010dinnosti Farn\u00ed charity \u0158\u00ed\u010dany:<\/p>\n<p>humanit\u00e1rn\u00ed sb\u00edrky &#8211; dvakr\u00e1t ro\u010dn\u011b, v\u011bt\u0161inou v kv\u011btnu a v \u0159\u00edjnu \u2013 p\u0159esn\u00e9 datum je uvedeno v \u0158\u00ed\u010dansk\u00e9m kur\u00fdru p\u0159ed kon\u00e1n\u00edm sb\u00edrky<\/p>\n<p>dlouhodob\u00e1 sb\u00edrka pou\u017eit\u00fdch i nov\u00fdch zn\u00e1mek pro misie &#8211; sb\u011brn\u00e9 n\u00e1doby v kostele sv. Petra a Pavla a v m\u011bstsk\u00e9 knihovn\u011b v \u0158\u00ed\u010danech<\/p>\n<p>ka\u017ed\u00fd posledn\u00ed \u010dtvrtek v m\u011bs\u00edci od 16,30 v DPS \u0158\u00ed\u010dany tzv. Podve\u010dern\u00ed pov\u00edd\u00e1n\u00ed (besedy, p\u0159en\u00e1\u0161ky, hudebn\u00ed nebo recita\u010dn\u00ed p\u0159edstaven\u00ed, apod.)<br \/>\nbes\u00eddky v DPS &#8211; ke Dni matek a p\u0159edv\u00e1no\u010dn\u00ed &#8211; spojen\u00e9 s p\u0159ed\u00e1v\u00e1n\u00edm drobn\u00fdch d\u00e1rk\u016f<br \/>\nn\u00e1v\u0161t\u011bva L\u00e9\u010debny dlouhodob\u011b nemocn\u00fdch na Vojkov\u011b v\u017edy na \u0160t\u011bdr\u00fd den dopoledne (\u00fa\u010delem je pot\u011b\u0161it a p\u0159edat mal\u00fd d\u00e1rek nemocn\u00fdm, kte\u0159\u00ed nemohou j\u00edt na V\u00e1noce dom\u016f)<\/p>\n<p>odes\u00edl\u00e1n\u00ed \u0158\u00ed\u010dansk\u00e9ho kur\u00fdra b\u00fdval\u00fdm \u0159\u00ed\u010dansk\u00fdm ob\u010dan\u016fm, kte\u0159\u00ed jsou nyn\u00ed v domov\u011b d\u016fchodc\u016f v Jen\u0161tejn\u011b<\/p>\n<p>T\u0159\u00edkr\u00e1lov\u00e1 sb\u00edrka &#8211; prob\u00edh\u00e1 v\u017edy v obdob\u00ed sv\u00e1tku T\u0159\u00ed kr\u00e1l\u016f (6. ledna) &#8211; pov\u011b\u0159en\u00e9 a ozna\u010den\u00e9 skupinky &#8222;t\u0159\u00ed kr\u00e1l\u016f&#8220; vyb\u00edraj\u00ed pen\u00edze do zape\u010det\u011bn\u00fdch pokladni\u010dek; pokladni\u010dky jsou t\u00e9\u017e na recepci m\u011bstsk\u00e9ho \u00fa\u0159adu (n\u00e1m\u011bst\u00ed TGM) a v Husov\u011b m\u011bstsk\u00e9 knihovn\u011b<br \/>\np\u0159\u00edle\u017eitostn\u00e9 \u010dinnosti (sb\u00edrka br\u00fdl\u00ed pro St\u0159edoafrickou republiku, sb\u00edrka pro posti\u017een\u00e9 povodn\u011bmi, apod.)<\/p>\n<p>Va\u0161e dotazy i p\u0159ipom\u00ednky k \u010dinnosti Farn\u00ed charity uv\u00edt\u00e1me na e-mailov\u00e9 adrese: E-mail: &nbsp; &nbsp;<a href=\"mailto:marie.junkova@seznam.cz\">marie.junkova@seznam.cz<\/a><\/p>\n","protected":false},"excerpt":{"rendered":"<p>Pani Marie Junkov\u00e1 je v sou\u010dasnosti \u0159editelkou Farn\u00ed charity v \u0158\u00ed\u010danech. Do t\u00e9to funkce nastoupila v z\u00e1\u0159\u00ed 2001. Organizace v\u0161ak byla v \u0158\u00ed\u010danech zalo\u017eena ji\u017e v roce 1993. Prvn\u00edm \u0159editelem byl P. Franti\u0161ek P\u0159itasil, v roce 1997 byla jmenov\u00e1na \u0159editelkou pan\u00ed V\u00e1clava Andr\u00e9ov\u00e1. Spole\u010dn\u011b s dal\u0161\u00edmi dobrovoln\u00edky a se st\u00e1vaj\u00edc\u00edmi \u2026<\/p>\n<p class=\"continue-reading-button\"> <a class=\"continue-reading-link\" href=\"http:\/\/urad.ricany.cz\/farnost\/charita\/\">\u010d\u00edst v\u00edce<i class=\"crycon-right-dir\"><\/i><\/a><\/p>\n","protected":false},"author":2,"featured_media":0,"parent":0,"menu_order":0,"comment_status":"closed","ping_status":"closed","template":"","meta":{"footnotes":""},"_links":{"self":[{"href":"http:\/\/urad.ricany.cz\/farnost\/wp-json\/wp\/v2\/pages\/33"}],"collection":[{"href":"http:\/\/urad.ricany.cz\/farnost\/wp-json\/wp\/v2\/pages"}],"about":[{"href":"http:\/\/urad.ricany.cz\/farnost\/wp-json\/wp\/v2\/types\/page"}],"author":[{"embeddable":true,"href":"http:\/\/urad.ricany.cz\/farnost\/wp-json\/wp\/v2\/users\/2"}],"replies":[{"embeddable":true,"href":"http:\/\/urad.ricany.cz\/farnost\/wp-json\/wp\/v2\/comments?post=33"}],"version-history":[{"count":4,"href":"http:\/\/urad.ricany.cz\/farnost\/wp-json\/wp\/v2\/pages\/33\/revisions"}],"predecessor-version":[{"id":2946,"href":"http:\/\/urad.ricany.cz\/farnost\/wp-json\/wp\/v2\/pages\/33\/revisions\/2946"}],"wp:attachment":[{"href":"http:\/\/urad.ricany.cz\/farnost\/wp-json\/wp\/v2\/media?parent=33"}],"curies":[{"name":"wp","href":"https:\/\/api.w.org\/{rel}","templated":true}]}}