{"id":29,"date":"2014-10-01T12:31:30","date_gmt":"2014-10-01T12:31:30","guid":{"rendered":"http:\/\/urad.ricany.cz\/farnost.new\/?page_id=29"},"modified":"2021-03-09T22:38:52","modified_gmt":"2021-03-09T22:38:52","slug":"nabozenstvi","status":"publish","type":"page","link":"http:\/\/urad.ricany.cz\/farnost\/nabozenstvi\/","title":{"rendered":"N\u00e1bo\u017eenstv\u00ed"},"content":{"rendered":"<h2 style=\"text-align: right;\"><em><strong><a href=\"http:\/\/nabozenstviricany.svetu.cz\/\">Odkaz na str\u00e1nky N\u00e1bo\u017eenstv\u00ed \u0158\u00ed\u010dany<\/a><\/strong><\/em><\/h2>\n","protected":false},"excerpt":{"rendered":"<p>Odkaz na str\u00e1nky N\u00e1bo\u017eenstv\u00ed \u0158\u00ed\u010dany<\/p>\n<p class=\"continue-reading-button\"> <a class=\"continue-reading-link\" href=\"http:\/\/urad.ricany.cz\/farnost\/nabozenstvi\/\">\u010d\u00edst v\u00edce<i class=\"crycon-right-dir\"><\/i><\/a><\/p>\n","protected":false},"author":2,"featured_media":0,"parent":0,"menu_order":0,"comment_status":"closed","ping_status":"closed","template":"","meta":{"footnotes":""},"_links":{"self":[{"href":"http:\/\/urad.ricany.cz\/farnost\/wp-json\/wp\/v2\/pages\/29"}],"collection":[{"href":"http:\/\/urad.ricany.cz\/farnost\/wp-json\/wp\/v2\/pages"}],"about":[{"href":"http:\/\/urad.ricany.cz\/farnost\/wp-json\/wp\/v2\/types\/page"}],"author":[{"embeddable":true,"href":"http:\/\/urad.ricany.cz\/farnost\/wp-json\/wp\/v2\/users\/2"}],"replies":[{"embeddable":true,"href":"http:\/\/urad.ricany.cz\/farnost\/wp-json\/wp\/v2\/comments?post=29"}],"version-history":[{"count":27,"href":"http:\/\/urad.ricany.cz\/farnost\/wp-json\/wp\/v2\/pages\/29\/revisions"}],"predecessor-version":[{"id":3260,"href":"http:\/\/urad.ricany.cz\/farnost\/wp-json\/wp\/v2\/pages\/29\/revisions\/3260"}],"wp:attachment":[{"href":"http:\/\/urad.ricany.cz\/farnost\/wp-json\/wp\/v2\/media?parent=29"}],"curies":[{"name":"wp","href":"https:\/\/api.w.org\/{rel}","templated":true}]}}