{"id":19,"date":"2014-10-01T11:36:22","date_gmt":"2014-10-01T11:36:22","guid":{"rendered":"http:\/\/urad.ricany.cz\/farnost.new\/?page_id=19"},"modified":"2020-11-23T07:40:01","modified_gmt":"2020-11-23T07:40:01","slug":"kontakty","status":"publish","type":"page","link":"http:\/\/urad.ricany.cz\/farnost\/kontakty\/","title":{"rendered":"Kontakty"},"content":{"rendered":"<table style=\"height: 499px;\" width=\"723\">\n<tbody>\n<tr>\n<td><b>Far\u00e1\u0159 :<br \/>\n<\/b><\/td>\n<td>323602403<\/td>\n<td><a title=\"Konstantin Petr Mikolajek, O. Praem\" href=\"http:\/\/urad.ricany.cz\/farnost\/konstantin-petr-mikolajek-o-praem\/\">P. Konstantin Petr Mikolajek, O.Praem<\/a>.<br \/>\nE-mail Far\u00e1\u0159: <a href=\"mailto:info@farnost.ricany.cz\">info@farnost.ricany.cz<\/a><\/td>\n<\/tr>\n<tr>\n<td><b><b>Kaplan :<\/b><\/b><\/td>\n<td>323605403<\/td>\n<td><a title=\"P. Mat\u011bj Jaroslav Baluch, O.Praem\" href=\"http:\/\/urad.ricany.cz\/farnost.new\/p-matej-jaroslav-baluch-o-praem\/\">P. Mat\u011bj Jaroslav Baluch, O.Praem.<\/a><br \/>\nE-mail Kaplan: <a href=\"mailto:jaroslav.baluch@seznam.cz\">jaroslav.baluch@seznam.cz<\/a><\/td>\n<\/tr>\n<tr>\n<td><b><b>Katechetky :<\/b><\/b><\/td>\n<td><\/td>\n<td>\n<div>Kate\u0159ina Ber\u00e1nkov\u00e1<\/div>\n<div>Anna Sirov\u00e1tkov\u00e1<\/div>\n<div>\u0160\u00e1rka Landkammerov\u00e1<\/div>\n<div>Miloslava Pangr\u00e1cov\u00e1<br \/>\nMiroslava Dvo\u0159\u00e1kov\u00e1<\/div>\n<div>Hana Zavadilov\u00e1<\/p>\n<p>kontakt na t\u00e1bor: Anna Zavadilov\u00e1<\/p><\/div>\n<\/td>\n<\/tr>\n<tr>\n<td><b>Adresa : <\/b><\/td>\n<td colspan=\"2\">Masarykovo n\u00e1m\u011bst\u00ed 70, \u00a0251 01 \u0158\u00ed\u010dany<\/td>\n<\/tr>\n<tr>\n<td><\/td>\n<td colspan=\"2\"><\/td>\n<\/tr>\n<tr>\n<td><b>\u010c\u00edslo \u00fa\u010dtu :<\/b><\/td>\n<td colspan=\"2\">GE Money Bank\u00a0\u00a0\u00a01000608504 \/ 0600<\/td>\n<\/tr>\n<tr>\n<td><b>Farn\u00ed Charita: <\/b><\/td>\n<td><\/td>\n<td>pani Marie<\/td>\n<\/tr>\n<\/tbody>\n<\/table>\n","protected":false},"excerpt":{"rendered":"<p>Far\u00e1\u0159 : 323602403 P. Konstantin Petr Mikolajek, O.Praem. E-mail Far\u00e1\u0159: info@farnost.ricany.cz Kaplan : 323605403 P. Mat\u011bj Jaroslav Baluch, O.Praem. E-mail Kaplan: jaroslav.baluch@seznam.cz Katechetky : Kate\u0159ina Ber\u00e1nkov\u00e1 Anna Sirov\u00e1tkov\u00e1 \u0160\u00e1rka Landkammerov\u00e1 Miloslava Pangr\u00e1cov\u00e1 Miroslava Dvo\u0159\u00e1kov\u00e1 Hana Zavadilov\u00e1 kontakt na t\u00e1bor: Anna Zavadilov\u00e1 Adresa : Masarykovo n\u00e1m\u011bst\u00ed 70, \u00a0251 01 \u0158\u00ed\u010dany \u010c\u00edslo \u2026<\/p>\n<p class=\"continue-reading-button\"> <a class=\"continue-reading-link\" href=\"http:\/\/urad.ricany.cz\/farnost\/kontakty\/\">\u010d\u00edst v\u00edce<i class=\"crycon-right-dir\"><\/i><\/a><\/p>\n","protected":false},"author":2,"featured_media":0,"parent":0,"menu_order":0,"comment_status":"closed","ping_status":"closed","template":"","meta":{"footnotes":""},"_links":{"self":[{"href":"http:\/\/urad.ricany.cz\/farnost\/wp-json\/wp\/v2\/pages\/19"}],"collection":[{"href":"http:\/\/urad.ricany.cz\/farnost\/wp-json\/wp\/v2\/pages"}],"about":[{"href":"http:\/\/urad.ricany.cz\/farnost\/wp-json\/wp\/v2\/types\/page"}],"author":[{"embeddable":true,"href":"http:\/\/urad.ricany.cz\/farnost\/wp-json\/wp\/v2\/users\/2"}],"replies":[{"embeddable":true,"href":"http:\/\/urad.ricany.cz\/farnost\/wp-json\/wp\/v2\/comments?post=19"}],"version-history":[{"count":27,"href":"http:\/\/urad.ricany.cz\/farnost\/wp-json\/wp\/v2\/pages\/19\/revisions"}],"predecessor-version":[{"id":3147,"href":"http:\/\/urad.ricany.cz\/farnost\/wp-json\/wp\/v2\/pages\/19\/revisions\/3147"}],"wp:attachment":[{"href":"http:\/\/urad.ricany.cz\/farnost\/wp-json\/wp\/v2\/media?parent=19"}],"curies":[{"name":"wp","href":"https:\/\/api.w.org\/{rel}","templated":true}]}}