{"id":183,"date":"2014-10-01T21:21:40","date_gmt":"2014-10-01T21:21:40","guid":{"rendered":"http:\/\/urad.ricany.cz\/farnost.new\/?page_id=183"},"modified":"2014-10-01T21:33:38","modified_gmt":"2014-10-01T21:33:38","slug":"kostelec-u-krizku","status":"publish","type":"page","link":"http:\/\/urad.ricany.cz\/farnost\/kostelec-u-krizku\/","title":{"rendered":"Kostelec u K\u0159\u00ed\u017ek\u016f"},"content":{"rendered":"<h2><i><span style=\"color: green;\">\u0158\u00edmskokatolick\u00e1 farnost \u0158i\u010dany<\/span><\/i><\/h2>\n<h3><span style=\"color: green;\"><b>Kostel sv. Martina v Kostelci u K\u0159\u00ed\u017ek\u016f<\/b><\/span><\/h3>\n<table border=\"\" align=\"center\">\n<tbody>\n<tr>\n<td><img decoding=\"async\" src=\"http:\/\/www.ricany.cz\/farnost\/galeriekostely\/kostelecukrizku20.jpg\" alt=\"\" border=\"2\" \/><\/td>\n<td><img decoding=\"async\" src=\"http:\/\/www.ricany.cz\/farnost\/galeriekostely\/kostelecukrizku21.jpg\" alt=\"\" border=\"2\" \/><\/td>\n<td><img decoding=\"async\" src=\"http:\/\/www.ricany.cz\/farnost\/galeriekostely\/kostelecukrizku22.jpg\" alt=\"\" border=\"2\" \/><\/td>\n<td><img decoding=\"async\" src=\"http:\/\/www.ricany.cz\/farnost\/galeriekostely\/kostelecukrizku23.jpg\" alt=\"\" border=\"2\" \/><\/td>\n<td><img decoding=\"async\" src=\"http:\/\/www.ricany.cz\/farnost\/galeriekostely\/kostelecukrizku24.jpg\" alt=\"\" border=\"2\" \/><\/td>\n<\/tr>\n<tr>\n<td><img decoding=\"async\" src=\"http:\/\/www.ricany.cz\/farnost\/galeriekostely\/kostelecukrizku25.jpg\" alt=\"\" border=\"2\" \/><\/td>\n<td><img decoding=\"async\" src=\"http:\/\/www.ricany.cz\/farnost\/galeriekostely\/kostelecukrizku26.jpg\" alt=\"\" border=\"2\" \/><\/td>\n<td><img decoding=\"async\" src=\"http:\/\/www.ricany.cz\/farnost\/galeriekostely\/kostelecukrizku27.jpg\" alt=\"\" border=\"2\" \/><\/td>\n<td><img decoding=\"async\" src=\"http:\/\/www.ricany.cz\/farnost\/galeriekostely\/kostelecukrizku28.jpg\" alt=\"\" border=\"2\" \/><\/td>\n<td><img decoding=\"async\" src=\"http:\/\/www.ricany.cz\/farnost\/galeriekostely\/kostelecukrizku29.jpg\" alt=\"\" border=\"2\" \/><\/td>\n<\/tr>\n<tr>\n<td><img decoding=\"async\" src=\"http:\/\/www.ricany.cz\/farnost\/galeriekostely\/kostelecukrizku30.jpg\" alt=\"\" border=\"2\" \/><\/td>\n<td><img decoding=\"async\" src=\"http:\/\/www.ricany.cz\/farnost\/galeriekostely\/kostelecukrizku31.jpg\" alt=\"\" border=\"2\" \/><\/td>\n<td><img decoding=\"async\" src=\"http:\/\/www.ricany.cz\/farnost\/galeriekostely\/kostelecukrizku32.jpg\" alt=\"\" border=\"2\" \/><\/td>\n<td><img decoding=\"async\" src=\"http:\/\/www.ricany.cz\/farnost\/galeriekostely\/kostelecukrizku33.jpg\" alt=\"\" border=\"2\" \/><\/td>\n<td><img decoding=\"async\" src=\"http:\/\/www.ricany.cz\/farnost\/galeriekostely\/kostelecukrizku34.jpg\" alt=\"\" border=\"2\" \/><\/td>\n<\/tr>\n<\/tbody>\n<\/table>\n<p><span style=\"color: green;\">\u00a0<\/span><\/p>\n<hr \/>\n<p><span style=\"color: green;\"><br \/>\n<\/span><\/p>\n<div align=\"left\"><center><\/p>\n<h2><i>Popis kostela sv. Martina v Kostelci u K\u0159\u00ed\u017ek\u016f<\/i><\/h2>\n<p><\/center>\u00a0\u00a0\u00a0\u00a0\u00a0Nejstar\u0161\u00ed \u010d\u00e1st\u00ed kostela je okrouhl\u00e1 rom\u00e1nsk\u00e9 stavba (rotunda), kter\u00e1 nyn\u00ed tvo\u0159\u00ed presbyt\u00e9rium. Poch\u00e1z\u00ed z prvn\u00edho dob k\u0159es\u0165anstv\u00ed u n\u00e1s jej\u00ed vznik se klade na konec 10. stol.<br \/>\nStavba se vyzna\u010duje neoby\u010dejnou jednoduchost\u00ed, je vystav\u011bna ze \u017eulov\u00fdch kv\u00e1d\u0159\u00edk\u016f v \u0159\u00e1dkov\u00e9m zdivu bez kamenn\u00fdch ozdob. Okrouhl\u00e1 stavba m\u00e1 pr\u016fm\u011bru 4,82 m a \u0161\u00ed\u0159ku zdiva 1,10 m. Velkou jednoduchost\u00ed se vyzna\u010duje i p\u016fvodn\u00ed vchod, kter\u00fd byl objeven p\u0159i vn\u011bj\u0161\u00edch oprav\u00e1ch v roce 1953.<\/p>\n<div align=\"left\">Fresky<\/div>\n<p><b>Gotick\u00e9 fresk<\/b>y<br \/>\n\u2022\u00a0\u00a0\u00a0Nejv\u00fdznamn\u011bj\u0161\u00ed mal\u00ed\u0159skou v\u00fdzdobou je freskov\u00e1 malba Matky Bo\u017e\u00ed s Je\u017e\u00ed\u0161kem, poch\u00e1zej\u00edc\u00ed z doby ran\u00e9 gotiky z po\u010d\u00e1tku 13. stolet\u00ed.<br \/>\n<b>Barokn\u00ed fresky<\/b><br \/>\n\u2022\u00a0\u00a0\u00a0Naho\u0159e na klenb\u011b je zn\u00e1zorn\u011bna Nejsv\u011bt\u011bj\u0161\u00ed trojice.<br \/>\nN\u00ed\u017ee jsou \u010dty\u0159i v\u00fdjevy ze \u017eivota sv. Martina.<br \/>\n\u2022\u00a0\u00a0\u00a0po lev\u00e9 stran\u011b &#8211; sv. Martin je ji\u017e v ran\u00e9m d\u011btstv\u00ed veden k Bohu<br \/>\n\u2022\u00a0\u00a0\u00a0nad hlavn\u00edm olt\u00e1\u0159em &#8211; je zn\u00e1zorn\u011bn jako d\u016fstojn\u00edk u bran m\u011bsta Amiensu ve Francii rozd\u011bluje sv\u016fj pl\u00e1\u0161\u0165 se \u017eebr\u00e1kem trp\u00edc\u00edm zimou.<br \/>\n\u2022\u00a0\u00a0\u00a0po prav\u00e9 stran\u011b &#8211; sv. Martin vysv\u011bcen na kn\u011bze<br \/>\n\u2022\u00a0\u00a0\u00a0proti hlavn\u00edmu olt\u00e1\u0159i &#8211; sv. Martin jako biskup v Tours ve Francii uzdravuje t\u011b\u017ece nemocn\u00e9ho<\/p>\n<p>Pod t\u00edmto obrazem jsou postavy \u010dty\u0159 sv. Otc\u016f &#8211; <a href=\"http:\/\/www.ricany.cz\/farnost\/svati.html\" target=\"text\">sv. \u0158eho\u0159e, sv. Ambro\u017ee, sv. August\u00fdna a sv. Jeron\u00fdma.<\/a><br \/>\nPo v\u00fdjevy ze \u017eivota sv. Martina jsou zn\u00e1zorn\u011bny \u010dty\u0159i evangelist\u00e9 <a href=\"http:\/\/www.ricany.cz\/farnost\/svati.html\" target=\"text\">(Matou\u0161, Marek, Luk\u00e1\u0161, Jan)<\/a><br \/>\npod nimi jsou \u010dty\u0159i symboly hlavn\u00edch k\u0159es\u0165ansk\u00fdch ctnost\u00ed (v\u00edra, nad\u011bje, l\u00e1ska a spravedlnost)<br \/>\nNad oknem orato\u0159e je str\u00e1\u017en\u00fd and\u011bl.<br \/>\nN\u00e1stropn\u00ed malba v chr\u00e1mov\u00e9 lodi je d\u00edlem akademick\u00e9ho mal\u00ed\u0159e Ji\u0159\u00edho Jel\u00ednka &#8211; sv. Martin vypro\u0161uje Bo\u017e\u00ed ochranu farnosti, jemu od d\u00e1vn\u00fdch dob zasv\u011bcen\u00e9.<\/p>\n<p><b>Okna<\/b><\/p>\n<p>Navazuj\u00ed ve \u010dty\u0159ech obrazech na svatovojt\u011b\u0161skou tradici o zalo\u017een\u00ed zdej\u0161\u00edho chr\u00e1mu podle n\u00e1vrh\u016f akademick\u00e9ho mal\u00ed\u0159e Franti\u0161ka Fi\u0161era.<br \/>\n1.okno &#8211; (nad mari\u00e1nsk\u00fdm olt\u00e1\u0159em) rodi\u010de p\u0159in\u00e1\u0161ej\u00ed t\u011b\u017ece nemocn\u00e9ho mal\u00e9ho Vojt\u011bcha do svatyn\u011b v Libici a vypro\u0161uj\u00ed mu od Boha uzdraven\u00ed<br \/>\n2.okno &#8211; (u bo\u010dn\u00edho olt\u00e1\u0159e) dobro\u010dinnost dosp\u00edvaj\u00edc\u00edho Vojt\u011bcha a jeho l\u00e1ska k chud\u00fdm.<br \/>\n3.okno &#8211; (nad kazatelnou) sv\u011btec vypro\u0161uje za velik\u00e9ho sucha v \u010cech\u00e1ch d\u00e9\u0161\u0165 na Zelen\u00e9 Ho\u0159e u Nepomuku.<br \/>\n4.okno (nad vchodem do kostela) mu\u010dednick\u00e1 smrt sv. Vojt\u011bcha v Sambii v Prusku r. 997<\/p>\n<p><b>Okna na ch\u00f3ru u varhan<\/b><br \/>\n\u2022\u00a0\u00a0\u00a0nalevo &#8211; sv. Ludmila v\u0161t\u011bpuje v\u00edru v Boha sv. V\u00e1clavu v jeho \u00fatl\u00e9m v\u011bku &#8211; v pozad\u00ed je rotunda na Bud\u010di.<br \/>\n\u2022\u00a0\u00a0\u00a0napravo &#8211; sv. Ane\u017eka \u010cesk\u00e1, kter\u00e1 odkl\u00e1d\u00e1 bohatstv\u00ed a sl\u00e1vu, aby ji vym\u011bnila za hodnoty v\u011b\u010dn\u00e9 ceny v pozad\u00ed je kl\u00e1\u0161ter Na Franti\u0161ku v Praze, kter\u00fd zalo\u017eila.<\/p>\n<hr \/>\n<p><center><i>Historie kostela sv. Martina v Kostelci u K\u0159\u00ed\u017ek\u016f<\/i><\/center><img decoding=\"async\" src=\"http:\/\/www.ricany.cz\/farnost\/galeriekostely\/kostelecukrizku15.jpg\" alt=\"Kostelec u K\u0159\u00ed\u017ek\u016f\" align=\"left\" hspace=\"10\" vspace=\"0\" \/> \u00a0\u00a0\u00a0\u00a0\u00a0Dle tradice zalo\u017eil prvn\u00ed svatyni sv. Vojt\u011bch, kdy\u017e se vracel z \u0158\u00edma s n\u011bkolika benedikt\u00fdny. (Sv\u011bd\u010d\u00ed o tom i n\u00e1zev jedn\u00e9 \u010d\u00e1sti obce \u2013 Kalef\u00e1\u010d \u010di Kalif\u00e1\u010d \u2013 z lat. Kalefacere \u2013 tak se pr\u00e1v\u011b naz\u00fdv\u00e1 obdob\u00ed, kdy se sv. Vojt\u011bch vracel z \u0158\u00edma p\u0159es Linec a Bud\u011bjovice do Prahy s 12 benedikt\u00fdny). Dle tradice z\u016fstali benedikt\u00fdni z\u016fstali v mal\u00e9 osad\u011b nedaleko Prahy. Sv. Vojt\u011bch se vydal do Prahy vyjedn\u00e1vet s Boleslavem II. o zalo\u017een\u00ed prvn\u00edho mu\u017esk\u00e9ho kl\u00e1\u0161tera (zal. 993 B\u0159evnovsk\u00fd kl\u00e1\u0161ter ). Po roce se vr\u00e1til a na\u0161el zde sv\u00e9 druhy \u017eiv\u00e9 a zdrav\u00e9 a tak na kopci polo\u017eil k\u00e1men jako pod\u011bkov\u00e1n\u00ed za \u0161\u0165astn\u00e9 shled\u00e1n\u00ed. P\u0159\u00edtomnost sv. Vojt\u011bcha v tomto kraji p\u0159ipom\u00ednaj\u00ed i n\u00e1zvy n\u011bkter\u00fdch okoln\u00edch obc\u00ed \u2013 Radimovice (Radim \u2013 bratr sv. Vojt\u011bcha), Radl\u00edk (Radla \u2013 p\u0159\u00edtel a u\u010ditel sv. Vojt\u011bcha).<br \/>\nBenedikt\u00fdni zde nejsp\u00ed\u0161e zalo\u017eili malou kamennou svatyni. Ve 12. stol. Nechal d\u0159\u00edv\u011bj\u0161\u00ed kamennou stavbu p\u0159ebudovat v rotundu d\u011bkan vy\u0161ehradsk\u00e9 kapituly (\u00fa\u0159ad zast\u00e1val v letech 1157-1171), kter\u00e1 jako\u017eto presbyt\u00e1\u0159 se dochovala do dne\u0161n\u00edch dn\u016f. Je to jedna z 24 rotund, kter\u00e1 se v \u010cech\u00e1ch dochovala. Je pova\u017eov\u00e1na za \u010dtvrtou nejstar\u0161\u00ed rotundu t\u00e9 doby (Lukov\u00e1., B\u00edte\u0161, sv. Longin v Praze). Raritou t\u00e9to rotundy je, \u017ee apsida vybo\u010duje z p\u016flkruhu. Z tohoto obdob\u00ed se datuj\u00ed i star\u00e9 malby. K nejstar\u0161\u00edm mal\u00ed\u0159sk\u00fdm pam\u00e1tk\u00e1m pat\u0159\u00ed freskov\u00e1 malba Matky Bo\u017e\u00ed s Je\u017e\u00ed\u0161kem z po\u010d. 13. stol., kter\u00e1 byla namalov\u00e1na do surov\u00e9ho zdiva.<br \/>\nPrvn\u00ed p\u0159estavba prob\u011bhla v roce 1264, kdy se zdivo po \u00faderu blesku za\u010dalo d\u011blit na dv\u011b \u010d\u00e1sti. V t\u00e9 dob\u011b byla p\u0159istav\u011bna kamenn\u00e1 v\u011b\u017e a na druh\u00e9 stran\u011b mal\u00e1 \u010dtvercov\u00e1 lo\u010f, kter\u00e1 podp\u00edrala rotundu. Do rotundy byl probour\u00e1n otvor a vznikl tak v\u00edt\u011bzn\u00fd oblouk. Sv\u011btitel tohoto roz\u0161\u00ed\u0159en\u00e9ho kostela byl biskup Jan III. z Dra\u017eic, kter\u00fd p\u0159i t\u00e9to p\u0159\u00edle\u017eitosti \u0159ekl, \u017ee \u201eproto si t\u00e9to svatyn\u011b tak velice v\u00e1\u017e\u00ed, pon\u011bvad\u017e dle neklamn\u00fdch d\u016fkaz\u016f byla vysv\u011bcena sv. Vojt\u011bchem.\u201c<br \/>\nOd roku 1350 je kostel p\u0159ipom\u00edn\u00e1n jako farn\u00ed tzn. se st\u00e1l\u00fdm m\u00edstem kn\u011bze. Sou\u010dasn\u011b byla farnost roz\u0161\u00ed\u0159ena o okoln\u00ed vesnice \u2013 B\u0159ezek, Hlubo\u010dina, Vole\u0161ovice, \u0160ti\u0159\u00edn, Nech\u00e1nice, Poho\u0159\u00ed, Skalka, Chotou\u0148, Skuhe\u0159, Struha\u0159ov, Sulice, T\u011bpt\u00edn, \u017delivec, Nov\u00e1 Hospoda, \u010cakovice, Grybla, Turan\u011b.<br \/>\nV dob\u011b husitsk\u00fdch v\u00e1lek byla fara neobsazena. Do roku 1782, kdy p\u0159\u00edkazem c\u00edsa\u0159e Josefa II. byla fara op\u011bt obnovena, byl zdej\u0161\u00ed kostel p\u0159i\u010dlen\u011bn k farnosti J\u00edlovsk\u00e9 a \u010das od \u010dasu zde \u0159eholn\u00edci z tamn\u00edho kl\u00e1\u0161tera konaly bohoslu\u017eby.<br \/>\nRoku 1685 je ulit velk\u00fd zvon Martin jako dar zdej\u0161\u00edmu chr\u00e1mu.<br \/>\nRoku 1894 je postavena ze\u010f kolem h\u0159bitova, kamenn\u00fd taras a byl roz\u0161\u00ed\u0159en h\u0159bitov p\u0159ed m\u00e1rnic\u00ed<br \/>\nRoku 1902 byly p\u0159evezeny z b\u00fdval\u00e9 kaple Lojovick\u00e9 p\u0159evezeny do \u0160ti\u0159\u00edna a odtud do Kostelce sochy svat\u00fdch \u2013 Jana Nepomuck\u00e9ho. Sv. V\u00e1clava, \u0161esti and\u011bl\u00ed\u010dk\u016f a dvou \u0159eholnic, kter\u00e9 vrchnost \u0161ti\u0159\u00ednsk\u00e1 (Ringhofferov\u00e9) darovala spolu s obrazem b\u00edl\u00e9 holubice v ozdobn\u00e9m r\u00e1mu ze 14.stolet\u00ed, poch\u00e1zej\u00edc\u00ed z konviktu v Bartolom\u011bjsk\u00e9 ulici.<br \/>\nRoku 1910 jsou v kosteln\u00edm inventa\u0159i uvedeny zvony: sv. \u0160t\u011bp\u00e1n, sv. Martin, sv. V\u00e1clav, sv. Anna, sv. Jan a sv. Pavel, kter\u00fd byl ji\u017e tehdy pukl\u00fd a pozd\u011bji se \u00fapln\u011b ztratil.<br \/>\nRoku 1916 za\u010dalo rekv\u00edrov\u00e1n\u00ed zvon\u016f vyroben\u00fdch po roce 1700. U kosteleck\u00e9ho kostela byly odebr\u00e1ny zvony V\u00e1clav, p\u0159elit\u00fd roku 1850 a um\u00edr\u00e1\u010dek, Jan a Pavel (v\u00e1\u017eil 120 kg) a tak v Kostelci z\u016fstali jen zvony: Martin z roku 1685 a Anna z roku 1500. Pro zvony si p\u0159i\u0161lo deset voj\u00edn\u016f, kte\u0159\u00ed zvony sejmuli a po provaze spustili za \u00fa\u010dasti cel\u00e9 obce.<br \/>\nRoku 1932 byly zakoupeny dva zvony. Vojt\u011bch \u2013 V\u00e1clav (v\u00e1\u017e\u00edc\u00ed 250 kg), a Anna \u2013 Marie (v\u00e1\u017e\u00edc\u00ed 150 kg). Zvony byly ulit\u00e9 firmou Herold v Chomutov\u011b. Oba v cen\u011b 11 00 K\u010d. Rodina Rigenhoffer\u016f v\u011bnovala na zvony 3 000 K\u010d.<br \/>\nRoku 1941 prob\u011bhlo dal\u0161\u00ed rekv\u00edrov\u00e1n\u00ed zvon\u016f.<br \/>\nRoku 1949 uspo\u0159\u00e1dal P. Blaise pen\u011b\u017en\u00ed sb\u00edrku na zhotoven\u00ed nov\u00fdch oken.<br \/>\nRoku 1966 bylo d\u011btem a u\u010ditel\u016fm zak\u00e1z\u00e1no nav\u0161t\u011bvovat m\u0161\u00ed svatou.<br \/>\nV roce 1989 se opravoval vnit\u0159ek kostela, zvenku byl nat\u0159en \u0161tukem, st\u0159echa byla pokryta eternitem.<\/p>\n<hr \/>\n<p><center><i>Patron sv. Martin<\/i><\/center>\u00a0\u00a0\u00a0\u00a0\u00a0Martin Toursk\u00fd \u2013 biskup. Nar. V Sabarii v Panonii 315 (?), zem\u0159el v Candes u Tours v roce <b>397<\/b>, sv. 11.11.<br \/>\nByl synem voj\u00e1ka a vyr\u016fstal v Pavii v It\u00e1lii. Jako mlad\u00fd d\u016fstojn\u00edk se ve m\u011bst\u011b Amiens rozd\u011blil o sv\u016fj pl\u00e1\u0161\u0165 se \u017eebr\u00e1kem. N\u00e1sleduj\u00edc\u00ed noci se mu ve snu zjevil Kristus od\u011bn\u00fd polovinou jeho pl\u00e1\u0161t\u011b. Kr\u00e1tce nato byl Martim pok\u0159t\u011bn a kolem roku 339 po\u017e\u00e1dal o propu\u0161t\u011bn\u00ed z arm\u00e1dy, proto\u017ee jak s\u00e1m \u0159ekl, jako voj\u00e1ku Kristovu mu nebylo dovoleno bojovat zbran\u00ed. Byl obvin\u011bn ze zbab\u011blosti a odpov\u011bd\u011bl na to nab\u00eddkou, \u017ee se postav\u00ed beze zbran\u011b proti nep\u0159\u00e1telsk\u00e9mu vojsku. Ze slu\u017eby byl propu\u0161t\u011bn a pobyl n\u011bjak\u00fd \u010das v It\u00e1lii a Dalm\u00e1cii. Pak \u017eil jako poustevn\u00edk na ostrov\u011b u ligursk\u00e9ho pob\u0159e\u017e\u00ed. <b>V roce 360 se stal kn\u011bzem<\/b> u sv. Hilaria v Poitiers a zalo\u017eil polopoustevnickou \u0159eholn\u00ed komunitu v Ligug\u00e9, prvn\u00ed v Galii. Byl zvolen biskupem v Tours a v letech 370 \u2013 371 \u017eil na opu\u0161t\u011bn\u00e9m m\u00edst\u011b pobl\u00ed\u017e sv\u00e9ho s\u00eddeln\u00edho m\u011bsta, postupn\u011b tam vznikl kl\u00e1\u0161ter Marmoutiers. Jeho p\u0159\u00edklad i povzbuzen\u00ed vedly ke vzniku dal\u0161\u00edch komunit. Byl v\u00fdjime\u010dn\u011b aktivn\u00edm mision\u00e1\u0159em a \u00fa\u010dinnost jeho k\u00e1z\u00e1n\u00ed posilovala jeho pov\u011bst divotv\u016frce. Cestoval i do nejodlehlej\u0161\u00edch \u010d\u00e1st\u00ed sv\u00e9 diec\u00e9ze jako pokorn\u00fd poutn\u00edk p\u011b\u0161ky, na h\u0159bet\u011b osla \u010di na lo\u010fce. Nebr\u00e1nil n\u00e1siln\u00e9mu bo\u0159en\u00ed pohansk\u00fdch olt\u00e1\u0159\u016f, ale spolu s pape\u017eem sv. Siriciem a sv. Ambro\u017eem se postavil proti rozsudk\u016fm smrti (\u00fadajn\u011b za \u010darod\u011bjnictv\u00ed) nad p\u0159\u00edvr\u017eenci bluda\u0159e Priscilliana a jin\u00fdmi \u0161pan\u011blsk\u00fdmi heretiky. Ve vy\u0161\u0161\u00edm v\u011bku se setkal s mnoha protivenstv\u00edmi, jedn\u00edm z jeho kritik\u016f byl sv. Brikcius. Poda\u0159ilo se mu v\u0161ak tak\u00e9 odvr\u00e1tit hrab\u011bte Aviatiana od zam\u00fd\u0161len\u00fdch repres\u00e1li\u00ed v Tours a uti\u0161it jeho \u201ekrvela\u010dnou zu\u0159ivost\u201c.<br \/>\nJako evangeliz\u00e1tor Galie a zakladatel prvn\u00edch \u0159eholn\u00edch komunit v t\u00e9to zemi byl sv. Martin velmi d\u016fle\u017eitou osobou. Jeho pov\u011bst se \u0161\u00ed\u0159ila \u0161iroko daleko, mj. z\u00e1sluhou t\u0159\u00ed dopis\u016f a \u017eivotopisu, kter\u00e9 sepsal jaho p\u0159\u00edtel Sulpicius Severus. Byl prvn\u00edm, kdo byl uct\u00edv\u00e1n jako svat\u00fd, a\u010d nebyl mu\u010dedn\u00edkem, a jeho kult se roz\u0161\u00ed\u0159il po cel\u00e9 Evrop\u011b.<br \/>\nZobrazov\u00e1n b\u00fdv\u00e1 bu\u010f jako voj\u00e1k s \u017eebr\u00e1kem u nohou nebo jako biskup s knihou, berlou a p\u0159\u00edpadn\u011b s poh\u00e1rem (c\u00edsa\u0159 mu nab\u00eddl p\u0159i hostin\u011b poh\u00e1r s v\u00ednem a Martin jej podal ostatn\u00edm kn\u011b\u017e\u00edm u stolu). <b>Atributy<\/b> sv. Martina jsou \u017eebr\u00e1k, pl\u00e1\u0161\u0165, poh\u00e1r, malomocn\u00fd, kter\u00e9ho podle legendy uzdravil polibkem, <b>k\u016f\u0148<\/b>, pen\u00edze. Jeho individu\u00e1ln\u00ed atribut, husu objas\u0148uje legenda: Sv\u011btec se zdr\u00e1hal p\u0159ijmout biskupskou hodnost a schoval se mezi husy, kter\u00e9 ho v\u0161ak sv\u00fdm \u0161t\u011bbet\u00e1n\u00edm prozradily<\/p>\n<hr \/>\n<p><center><i>Soupis kn\u011b\u017e\u00ed p\u0159i chr\u00e1mu sv. Martina v Kostelci u K\u0159\u00ed\u017ek\u016f<br \/>\nod roku 1361 <\/i><\/center><\/p>\n<p><b>1361- 1364<\/b>\u00a0\u00a0\u00a0Mat\u011bj z Chocho\u0159e \u010di Poho\u0159e<br \/>\n<b>1364 &#8211; 1380<\/b>\u00a0\u00a0\u00a0Borzo \u2013 Bore\u0161, vladyka z Kostelce<br \/>\n<b>1380 &#8211; 1390<\/b>\u00a0\u00a0\u00a0Mat\u011bj Mach ze \u0160lap\u00e1nova<br \/>\n<b>1390 \u2013 1392<\/b>\u00a0\u00a0\u00a0Havel z Led\u010de<br \/>\nAdam z Vladislavic \u2013 <i>pomocn\u00fd kn\u011bz<\/i><br \/>\n<b>1394 \u2013 1408<\/b>\u00a0\u00a0\u00a0Mat\u011bj z Bene\u0161ova, vik\u00e1\u0159 zvan\u00fd <i>\u201ePrko\u0161\u201c<\/i><br \/>\n<b>1395 \u2013 1397<\/b>\u00a0\u00a0\u00a0Mikul\u00e1\u0161 ze \u0160lap\u00e1novic \u2013 <i>pomocn\u00fd kn\u011bz<\/i><br \/>\n<b>1398 \u2013 1402<\/b>\u00a0\u00a0\u00a0Petr Klerik, prost\u0159edn\u00ed prebend\u00e1t z Pra\u017esk\u00e9ho kostela<br \/>\n<b>1392 \u2013 1402<\/b>\u00a0\u00a0\u00a0Jan Rudi\u0161, klerik, v roce 1402 ode\u0161el do L\u00ed\u0161ova<br \/>\n<b>1407 \u2013 1408<\/b>\u00a0\u00a0\u00a0Zikmund ze Star\u00e9ho Kol\u00edna<br \/>\n<b>1407 \u2013 1414<\/b>\u00a0\u00a0\u00a0Petr, olt\u00e1\u0159n\u00edk na hrad\u011b M\u011blnick\u00e9m<br \/>\n<b>1414 \u2013 1418<\/b>\u00a0\u00a0\u00a0 Hert\u00edk (Hertimes), pleb\u00e1n, pozd\u011bji far\u00e1\u0159 ve Zdic\u00edch<br \/>\n<b>1418 \u2013 1420<\/b>\u00a0\u00a0\u00a0Jan z Dub\u00e9 &#8211; husitsk\u00fd kn\u011bz, fara zanikla<br \/>\n<b>1418 \u2013 1420<\/b>\u00a0\u00a0\u00a0Martin z \u010castolovic &#8211; <i>husitsk\u00fd kn\u011bz<\/i><br \/>\n<b>1420 \u2013 1421<\/b>\u00a0\u00a0\u00a0Pe\u0161ek z K\u0159eho\u0159e<br \/>\n<b>1421 \u2013 1422<\/b>\u00a0\u00a0\u00a0V\u00e1clav z Man\u011bt\u00edna, <i>klerik \u0159e\u010den\u00fd Soudce Jude<\/i><br \/>\n<b>1422 \u2013 1424<\/b>\u00a0\u00a0\u00a0Ale\u0161 z Vla\u0161imi, <i>z \u0159\u00e1du bosonoh\u00fdch ryt\u00ed\u0159\u016f<\/i><br \/>\n<b>1422 \u2013 1424<\/b>\u00a0\u00a0\u00a0Prokop And\u0159ej, <i>mnich z Vy\u0161ehradu<\/i><br \/>\n<b>1424 \u2013 1426<\/b>\u00a0\u00a0\u00a0Mat\u011bj z Uh\u0159\u00edn\u011bvsi, <i>kaplan<\/i><br \/>\n<b>1424 \u2013 1429<\/b>\u00a0\u00a0\u00a0V\u00e1clav Curc\u00edk, \u0159e\u010den\u00fd Petr, far\u00e1\u0159 z Duchcova <i>(\u00fadajn\u011b up\u00e1len husity v Kostelci)<\/i><\/p>\n<p>O Kostelci a fa\u0159e nejsou \u017e\u00e1dn\u00e9 souvisl\u00e9 zpr\u00e1vy. Na fa\u0159e i v kostele konaj\u00ed slu\u017eby Bo\u017e\u00ed husit\u00e9<\/p>\n<p><b>1652 \u2013<\/b>\u00a0\u00a0\u00a0\u00a0\u00a0\u00a0\u00a0 kn\u011b\u017e\u00ed \u010deskobratr\u0161t\u00ed<\/p>\n<p><b>1746 &#8211; 1752<\/b>\u00a0\u00a0\u00a0Jord\u00e1n Du\u0161ek z minoritsk\u00e9ho kl\u00e1\u0161tera v J\u00edlov\u00e9m<br \/>\n<b>1753 \u2013 1769<\/b>\u00a0\u00a0\u00a0Marian K\u0159e\u0161\u0165\u00e1nek z minoritsk\u00e9ho kl\u00e1\u0161tera v J\u00edlov\u00e9m<br \/>\n<b>1770 \u2013 1774<\/b>\u00a0\u00a0\u00a0Jan Rak z Divi\u0161ova<br \/>\n<b>1774 \u2013 1758<\/b>\u00a0\u00a0\u00a0Tom\u00e1\u0161 Jan \u010cekal \u2013 <i>administr\u00e1tor<\/i><br \/>\n<b>1780 \u2013 1790<\/b>\u00a0\u00a0\u00a0po obnoven\u00ed fary je zde kn\u011bzem Tom\u00e1\u0161 Jan \u010cekal<br \/>\n<b>1792 \u2013 1793<\/b>\u00a0\u00a0\u00a0Jan Tade\u00e1\u0161 Kratochv\u00edl z <i>\u0159\u00e1du bosonoh\u00fdch augustini\u00e1n\u016f<\/i><br \/>\n<b>1793 \u2013 1796<\/b>\u00a0\u00a0\u00a0Jan Bohdaneck\u00fd<br \/>\n<b>1796 \u2013 1797<\/b>\u00a0\u00a0\u00a0Karel Alis Benda<br \/>\n<b>1797 \u2013 1853<\/b>\u00a0\u00a0\u00a0Mat\u011bj Ond\u0159ej \u010cech, kaplan a kn\u011bz ze zru\u0161en\u00e9ho \u0159\u00e1du Kapuc\u00edn\u016f<br \/>\n<b>1830 \u2013 1836<\/b>\u00a0\u00a0\u00a0Adam z Kostelce \u2013 <i>zdej\u0161\u00ed rod\u00e1k<\/i><br \/>\n<b>1833 \u2013 1857<\/b>\u00a0\u00a0\u00a0Jan Srb, ode\u0161el do L\u00edbeznice, ale vr\u00e1til se zp\u011bt do Kostelce<br \/>\n<b>1830 \u2013 1860<\/b>\u00a0\u00a0\u00a0Jan Kotrba, <i>kaplan, kn\u011bz a vik\u00e1\u0159<\/i><br \/>\n<b>1860 \u2013 1885<\/b>\u00a0\u00a0\u00a0Pavel Pil\u00e1t, <i>arcibiskupsk\u00fd vik\u00e1\u0159<\/i>, ode\u0161el do Star\u00e9 Boleslavi<br \/>\n<b>1885 \u2013 1886<\/b>\u00a0\u00a0\u00a0Kolumbus Rank, far\u00e1\u0159 od sv. Franti\u0161eka z Votic<br \/>\n<b>1884 \u2013 1895<\/b>\u00a0\u00a0\u00a0Franti\u0161ek \u010capek, ode\u0161el do Kunratic<br \/>\n<b>1885 \u2013 1886<\/b>\u00a0\u00a0\u00a0Karel \u0160ubovsk\u00fd, <i>administr\u00e1tor<\/i><br \/>\n<b>1886 \u2013 1887<\/b>\u00a0\u00a0\u00a0Josef Pr\u00e1\u0161ek, kaplan, ode\u0161el do Rakovn\u00edka<br \/>\n<b>1894 \u2013 1895<\/b>\u00a0\u00a0\u00a0Josef Zika, <i>far\u00e1\u0159 z Kunratic<\/i><br \/>\n<b>1894 \u2013 1895<\/b>\u00a0\u00a0\u00a0Vendel\u00edm Hou\u017eek, <i>kaplan ze \u0158\u00ed\u010dan<\/i><br \/>\n<b>1894 \u2013 1895<\/b>\u00a0\u00a0\u00a0Josef Charv\u00e1t, <i>kaplan<\/i><br \/>\n<b>1895 \u2013 1945<\/b>\u00a0\u00a0\u00a0Bohum\u00edr \u010censk\u00fd, <i>vik\u00e1\u0159, d\u011bkan, far\u00e1\u0159<\/i><br \/>\n<b>1941 \u2013 1962<\/b>\u00a0\u00a0\u00a0Rudolf Blaise, <i>kaplan<\/i> 7 rok\u016f, <i>far\u00e1\u0159<\/i> 21 let<br \/>\n<b>1962 \u2013 1966<\/b>\u00a0\u00a0\u00a0Franti\u0161ek Had\u00e1\u010dek z <i>Popovi\u010dek, administr\u00e1tor<\/i><br \/>\n<b>1966 \u2013 1968<\/b>\u00a0\u00a0\u00a0Lubom\u00edr Rosenraiter z Kunratic,<i> administr\u00e1tor<\/i><br \/>\n<b>1968 \u2013 1977<\/b>\u00a0\u00a0\u00a0Jaroslav \u0160imek ze Sedlce u Kutn\u00e9 Hory<br \/>\n<b>1977 \u2013 1979<\/b>\u00a0\u00a0\u00a0Jaroslav Hlav\u00e1\u010dek, administr\u00e1tor z \u010cestlic<br \/>\n<b>1977 \u2013 1979<\/b>\u00a0\u00a0\u00a0Jaroslav Servus, d\u011bkan z \u0158\u00ed\u010dan, <i>administr\u00e1tor<\/i><br \/>\n<b>1979 \u2013 1987<\/b>\u00a0\u00a0\u00a0Miroslav Kn\u011bz, kn\u011bz ze Svat\u00e9 Hory<br \/>\n<b>1987 \u2013 1990<\/b>\u00a0\u00a0\u00a0Josef Kazda, d\u011bkan z \u0158\u00ed\u010dan, <i>administr\u00e1tor<\/i><br \/>\n<b>1988 \u2013 1989<\/b>\u00a0\u00a0\u00a0Miroslav Uhl\u00ed\u0159, kaplan z \u0158\u00ed\u010dan, <i>administr\u00e1tor<\/i><br \/>\n<b>1989 \u2013 1990<\/b>\u00a0\u00a0\u00a0Milan Hanu\u0161, kaplan z \u0158\u00ed\u010dan, <i>administr\u00e1tor<\/i><br \/>\n<b>1990 \u2013 1995<\/b>\u00a0\u00a0\u00a0Miroslav C\u00fath, <i>administr\u00e1tor z \u0158\u00ed\u010dan<\/i><br \/>\n<b>1995 \u2013 1996<\/b>\u00a0\u00a0\u00a0Marek Koniuk, <i>administr\u00e1tor z \u0158\u00ed\u010dan<\/i><br \/>\n<b>1996 &#8211; 2002<\/b>\u00a0\u00a0\u00a0\u00a0\u00a0<a title=\"P. ThMgr. Pawe\u0142 Adam D\u0119bek\" href=\"http:\/\/urad.ricany.cz\/farnost.new\/p-thmgr-pawel-adam-debek\/\">P. ThMgr. Pawe\u0142 Adam D\u0119bek<\/a><br \/>\n<b>2002 &#8211; 2005<\/b>\u00a0\u00a0\u00a0\u00a0\u00a0<a title=\"P. Mgr. Petr Bou\u0161ka\" href=\"http:\/\/urad.ricany.cz\/farnost.new\/p-mgr-petr-bouska\/\">P. Ing. Mgr. Petr Bou\u0161ka<\/a><br \/>\n<b>2005 &#8211; 2009<\/b>\u00a0\u00a0\u00a0\u00a0\u00a0\u00a0<a title=\"P. Luk\u00e1\u0161 Stanislav Buchta, O. Praem\" href=\"http:\/\/urad.ricany.cz\/farnost.new\/p-lukas-stanislav-buchta-o-praem\/\">P. Mgr. Luk\u00e1\u0161 Stanislav Buchta O.Praem<\/a><br \/>\n<b>2009 &#8211; &#8230;..<\/b>\u00a0\u00a0\u00a0\u00a0\u00a0\u00a0\u00a0\u00a0\u00a0\u00a0<a title=\"P. Konstantin Petr Mikolajek, O. Praem\" href=\"http:\/\/urad.ricany.cz\/farnost.new\/konstantin\/\">P. Mgr. Konstantin Petr Mikolajek O.Praem<\/a>\n<\/div>\n<p>&nbsp;<\/p>\n","protected":false},"excerpt":{"rendered":"<p>\u0158\u00edmskokatolick\u00e1 farnost \u0158i\u010dany Kostel sv. Martina v Kostelci u K\u0159\u00ed\u017ek\u016f \u00a0 Popis kostela sv. Martina v Kostelci u K\u0159\u00ed\u017ek\u016f \u00a0\u00a0\u00a0\u00a0\u00a0Nejstar\u0161\u00ed \u010d\u00e1st\u00ed kostela je okrouhl\u00e1 rom\u00e1nsk\u00e9 stavba (rotunda), kter\u00e1 nyn\u00ed tvo\u0159\u00ed presbyt\u00e9rium. Poch\u00e1z\u00ed z prvn\u00edho dob k\u0159es\u0165anstv\u00ed u n\u00e1s jej\u00ed vznik se klade na konec 10. stol. Stavba se vyzna\u010duje neoby\u010dejnou \u2026<\/p>\n<p class=\"continue-reading-button\"> <a class=\"continue-reading-link\" href=\"http:\/\/urad.ricany.cz\/farnost\/kostelec-u-krizku\/\">\u010d\u00edst v\u00edce<i class=\"crycon-right-dir\"><\/i><\/a><\/p>\n","protected":false},"author":2,"featured_media":0,"parent":0,"menu_order":0,"comment_status":"closed","ping_status":"closed","template":"","meta":{"footnotes":""},"_links":{"self":[{"href":"http:\/\/urad.ricany.cz\/farnost\/wp-json\/wp\/v2\/pages\/183"}],"collection":[{"href":"http:\/\/urad.ricany.cz\/farnost\/wp-json\/wp\/v2\/pages"}],"about":[{"href":"http:\/\/urad.ricany.cz\/farnost\/wp-json\/wp\/v2\/types\/page"}],"author":[{"embeddable":true,"href":"http:\/\/urad.ricany.cz\/farnost\/wp-json\/wp\/v2\/users\/2"}],"replies":[{"embeddable":true,"href":"http:\/\/urad.ricany.cz\/farnost\/wp-json\/wp\/v2\/comments?post=183"}],"version-history":[{"count":2,"href":"http:\/\/urad.ricany.cz\/farnost\/wp-json\/wp\/v2\/pages\/183\/revisions"}],"predecessor-version":[{"id":213,"href":"http:\/\/urad.ricany.cz\/farnost\/wp-json\/wp\/v2\/pages\/183\/revisions\/213"}],"wp:attachment":[{"href":"http:\/\/urad.ricany.cz\/farnost\/wp-json\/wp\/v2\/media?parent=183"}],"curies":[{"name":"wp","href":"https:\/\/api.w.org\/{rel}","templated":true}]}}