{"id":113,"date":"2014-10-01T19:55:15","date_gmt":"2014-10-01T19:55:15","guid":{"rendered":"http:\/\/urad.ricany.cz\/farnost.new\/?page_id=113"},"modified":"2014-10-01T19:55:15","modified_gmt":"2014-10-01T19:55:15","slug":"konstantin-petr-mikolajek-o-praem","status":"publish","type":"page","link":"http:\/\/urad.ricany.cz\/farnost\/konstantin-petr-mikolajek-o-praem\/","title":{"rendered":"Konstantin Petr Mikolajek, O. Praem"},"content":{"rendered":"<h3>Sou\u010dasn\u00fd far\u00e1\u0159 na\u0161\u00ed farnost<a href=\"http:\/\/urad.ricany.cz\/farnost.new\/wp-content\/uploads\/2014\/10\/200907312359_Konstantin.jpg\"><img decoding=\"async\" loading=\"lazy\" class=\"alignright wp-image-114 size-full\" src=\"http:\/\/urad.ricany.cz\/farnost.new\/wp-content\/uploads\/2014\/10\/200907312359_Konstantin.jpg\" alt=\"200907312359_Konstantin\" width=\"192\" height=\"288\" srcset=\"http:\/\/urad.ricany.cz\/farnost\/wp-content\/uploads\/2014\/10\/200907312359_Konstantin.jpg 192w, http:\/\/urad.ricany.cz\/farnost\/wp-content\/uploads\/2014\/10\/200907312359_Konstantin-126x190.jpg 126w, http:\/\/urad.ricany.cz\/farnost\/wp-content\/uploads\/2014\/10\/200907312359_Konstantin-53x80.jpg 53w\" sizes=\"(max-width: 192px) 100vw, 192px\" \/><\/a><\/h3>\n<p>&nbsp;<\/p>\n<p>Narozen: 19. 8. 1975<\/p>\n<p>Vysv\u011bcen: 29. 6. 2000, na Strahov\u011b<\/p>\n<p>Kaplanem od r. 2000 do r. 2001 v Milevsku, od r. 2001 do r. 2009 far\u00e1\u0159em v Hodu\u0161\u00edn\u011b a v Nad\u011bjkov\u011b.<\/p>\n<p>Narodil jsem se v \u010celadn\u00e9, okres Fr\u00fddek M\u00edstek. V d\u011btstv\u00ed jsme se p\u0159est\u011bhovali do Hustope\u010d\u00ed u Brna. M\u00e1m 4 sourozence. Star\u0161\u00edho bratra, star\u0161\u00ed sestru, mlad\u0161\u00edho bratra a mlad\u0161\u00ed sestru.<\/p>\n<p>V roce 1994 jsem maturoval na St\u0159edn\u00ed strojn\u00ed pr\u016fmyslovce v Brn\u011b. P\u0159ed vstupem do kl\u00e1\u0161tera jsem 2 roky pracoval v Most\u00e1rn\u011b Hustope\u010de.<\/p>\n<p>Teologii jsem studoval v Praze, v roce 2000 jsem byl vysv\u011bcen na kn\u011bze. M\u00e9 prvn\u00ed m\u00edsto bylo v Milevsku, okres P\u00edsek, kde jsem byl rok kaplanem. Po roce jsem dostal 2 farnosti.<\/p>\n<p>V Milevsku jsem se za\u010dal v\u011bnovat myslivosti, a v P\u00edsku jsem slo\u017eil mysliveck\u00e9 zkou\u0161ky. R\u00e1d hraji tenis, ly\u017euji, hraji fotbal, a sna\u017e\u00edm se hr\u00e1t hokej.<\/p>\n","protected":false},"excerpt":{"rendered":"<p>Sou\u010dasn\u00fd far\u00e1\u0159 na\u0161\u00ed farnost &nbsp; Narozen: 19. 8. 1975 Vysv\u011bcen: 29. 6. 2000, na Strahov\u011b Kaplanem od r. 2000 do r. 2001 v Milevsku, od r. 2001 do r. 2009 far\u00e1\u0159em v Hodu\u0161\u00edn\u011b a v Nad\u011bjkov\u011b. Narodil jsem se v \u010celadn\u00e9, okres Fr\u00fddek M\u00edstek. V d\u011btstv\u00ed jsme se p\u0159est\u011bhovali do \u2026<\/p>\n<p class=\"continue-reading-button\"> <a class=\"continue-reading-link\" href=\"http:\/\/urad.ricany.cz\/farnost\/konstantin-petr-mikolajek-o-praem\/\">\u010d\u00edst v\u00edce<i class=\"crycon-right-dir\"><\/i><\/a><\/p>\n","protected":false},"author":2,"featured_media":0,"parent":0,"menu_order":0,"comment_status":"closed","ping_status":"closed","template":"","meta":{"footnotes":""},"_links":{"self":[{"href":"http:\/\/urad.ricany.cz\/farnost\/wp-json\/wp\/v2\/pages\/113"}],"collection":[{"href":"http:\/\/urad.ricany.cz\/farnost\/wp-json\/wp\/v2\/pages"}],"about":[{"href":"http:\/\/urad.ricany.cz\/farnost\/wp-json\/wp\/v2\/types\/page"}],"author":[{"embeddable":true,"href":"http:\/\/urad.ricany.cz\/farnost\/wp-json\/wp\/v2\/users\/2"}],"replies":[{"embeddable":true,"href":"http:\/\/urad.ricany.cz\/farnost\/wp-json\/wp\/v2\/comments?post=113"}],"version-history":[{"count":1,"href":"http:\/\/urad.ricany.cz\/farnost\/wp-json\/wp\/v2\/pages\/113\/revisions"}],"predecessor-version":[{"id":115,"href":"http:\/\/urad.ricany.cz\/farnost\/wp-json\/wp\/v2\/pages\/113\/revisions\/115"}],"wp:attachment":[{"href":"http:\/\/urad.ricany.cz\/farnost\/wp-json\/wp\/v2\/media?parent=113"}],"curies":[{"name":"wp","href":"https:\/\/api.w.org\/{rel}","templated":true}]}}